{"id":3268,"date":"2025-06-16T15:32:35","date_gmt":"2025-06-16T15:32:35","guid":{"rendered":"https:\/\/molenhoeve.be\/conditions-generales\/"},"modified":"2025-08-25T10:37:52","modified_gmt":"2025-08-25T10:37:52","slug":"conditions-generales","status":"publish","type":"page","link":"https:\/\/molenhoeve.be\/fr\/conditions-generales\/","title":{"rendered":"Conditions g\u00e9n\u00e9rales"},"content":{"rendered":"\t\t<div data-elementor-type=\"wp-page\" data-elementor-id=\"3268\" class=\"elementor elementor-3268 elementor-2105\" data-elementor-post-type=\"page\">\n\t\t\t\t<div class=\"elementor-element elementor-element-67726f34 e-flex e-con-boxed e-con e-parent\" data-id=\"67726f34\" data-element_type=\"container\">\n\t\t\t\t\t<div class=\"e-con-inner\">\n\t\t\t\t<div class=\"elementor-element elementor-element-37171f80 elementor-widget elementor-widget-text-editor\" data-id=\"37171f80\" data-element_type=\"widget\" data-widget_type=\"text-editor.default\">\n\t\t\t\t\t\t\t\t\t<h1 class=\"wp-block-heading\">Conditions g\u00e9n\u00e9rales<\/h1>\n<h2> <\/h2>\n<h2><span style=\"color: inherit; font-family: inherit; font-size: 2rem;\">Maisons de vacances<\/span><\/h2>\n<p class=\"wp-block-heading\"><b>R\u00e9servation et paiement<\/b><\/p>\n<p class=\"wp-block-heading\">Pour confirmer votre r\u00e9servation, un acompte de 50 % du montant total est demand\u00e9, \u00e0 verser sur le compte bancaire de Geronimo Reborn BE40 0689 4005 0063\/ BIC GKCCBEBB, en indiquant votre r\u00e9f\u00e9rence de r\u00e9servation et votre nom dans la communication. Si l&rsquo;acompte n&rsquo;est pas vers\u00e9 dans les deux semaines suivant la r\u00e9servation, le logement sera remis en location. Nous vous prions de bien vouloir r\u00e9gler le solde au plus tard deux semaines avant votre arriv\u00e9e.  <\/p>\n<p class=\"wp-block-heading\">Pour la maison de vacances pouvant accueillir 30 personnes, nous demandons une caution de 700 \u20ac \u00e0 verser avant l&rsquo;arriv\u00e9e. Pour la maison pouvant accueillir 6 personnes, nous demandons une caution de 200 \u20ac \u00e0 verser avant votre arriv\u00e9e. Ce montant sera rembours\u00e9 au locataire dans les 7 jours suivant son d\u00e9part, apr\u00e8s v\u00e9rification de l&rsquo;\u00e9tat des lieux. Ce montant peut \u00e9galement \u00eatre vers\u00e9 sur le num\u00e9ro de compte ci-dessus, en mentionnant \u00ab caution locataire(s) \u00bb.   <\/p>\n<p><b>Annulation<\/b><\/p>\n<p>L&rsquo;annulation n&rsquo;est possible que pour des raisons imp\u00e9rieuses (force majeure, maladie). Une autre date peut bien s\u00fbr \u00eatre convenue. En cas d&rsquo;annulation sans raison imp\u00e9rieuse, l&rsquo;acompte sera conserv\u00e9 par \u00ab De molenhoeve \u00bb.  <\/p>\n<p><b>Conditions de location<\/b><\/p>\n<p>Il est interdit de fumer \u00e0 l&rsquo;int\u00e9rieur de la maison. Vous pouvez fumer uniquement \u00e0 l&rsquo;ext\u00e9rieur. Veuillez ne pas jeter vos m\u00e9gots par terre. Il est interdit d&rsquo;utiliser la maison de vacances pour organiser des f\u00eates ou des beuveries, afin de pr\u00e9server la qualit\u00e9 de la maison et la tranquillit\u00e9 des environs. Le locataire doit veiller \u00e0 ne pas causer de nuisance sonore aux voisins. En Belgique, une loi interdit le bruit \u00e0 l&rsquo;ext\u00e9rieur apr\u00e8s 22 heures. La musique amplifi\u00e9e est \u00e9galement interdite \u00e0 l&rsquo;int\u00e9rieur. Nous demandons que le calme r\u00e8gne \u00e0 l&rsquo;ext\u00e9rieur et \u00e0 l&rsquo;int\u00e9rieur entre 22h00 et 7h00 afin de pr\u00e9server la tranquillit\u00e9 de tous. En cas de violation de ces conditions, le locataire pourra \u00eatre contraint de quitter les lieux avec l&rsquo;intervention des autorit\u00e9s comp\u00e9tentes, sans remboursement du loyer et de la caution. Les chiens\/animaux domestiques ne sont pas admis \u00e0 la Molenhoeve.         <\/p>\n<p>Si des d\u00e9chets, du verre ou des PMC sont laiss\u00e9s \u00e0 l&rsquo;int\u00e9rieur du logement lors de votre d\u00e9part ou si les d\u00e9chets \u00e0 l&rsquo;ext\u00e9rieur n&rsquo;ont pas \u00e9t\u00e9 tri\u00e9s, nous d\u00e9duirons des frais suppl\u00e9mentaires de la caution.<br>Si, \u00e0 votre d\u00e9part, il s&rsquo;av\u00e8re que le lave-vaisselle n&rsquo;est pas vide, que d&rsquo;autres appareils m\u00e9nagers ne sont pas propres ou que le logement est laiss\u00e9 dans un \u00e9tat de propret\u00e9 anormal, le propri\u00e9taire est en droit de facturer des heures de nettoyage suppl\u00e9mentaires \u00e0 raison de 40,00 euros par heure. Ce montant sera d\u00e9duit de la caution. <\/p>\n<p><\/p>\t\t\t\t\t\t\t\t<\/div>\n\t\t\t\t<div class=\"elementor-element elementor-element-25a9a0b elementor-widget elementor-widget-text-editor\" data-id=\"25a9a0b\" data-element_type=\"widget\" data-widget_type=\"text-editor.default\">\n\t\t\t\t\t\t\t\t\t<h1><\/h1>\n<h2>B&amp;B<\/h2>\n<h2><span style=\"font-size: 18px;\"><b>Paiement et annulation<\/b><\/span><\/h2>\nPour garantir votre r\u00e9servation, le montant total doit \u00eatre vers\u00e9 sur le compte bancaire de Geronimo Reborn BE40 0689 4005 0063 BIC GKCCBEBB, en indiquant votre r\u00e9f\u00e9rence de r\u00e9servation et votre nom dans la communication. En cas d&rsquo;annulation dans les 14 jours pr\u00e9c\u00e9dant votre arriv\u00e9e, 50 % du montant total vous sera factur\u00e9. Si vous annulez la veille de votre arriv\u00e9e ou si vous ne vous pr\u00e9sentez pas, le prix total vous sera factur\u00e9.   \t\t\t\t\t\t\t\t<\/div>\n\t\t\t\t\t<\/div>\n\t\t\t\t<\/div>\n\t\t\t\t<\/div>\n\t\t","protected":false},"excerpt":{"rendered":"<p>Conditions g\u00e9n\u00e9rales Maisons de vacances R\u00e9servation et paiement Pour confirmer votre r\u00e9servation, un acompte de 50 % du montant total est demand\u00e9, \u00e0 verser sur le compte bancaire de Geronimo Reborn BE40 0689 4005 0063\/ BIC GKCCBEBB, en indiquant votre r\u00e9f\u00e9rence de r\u00e9servation et votre nom dans la communication. Si l&rsquo;acompte n&rsquo;est pas vers\u00e9 dans les deux semaines suivant la r\u00e9servation, le logement sera remis en location. Nous vous prions de bien vouloir r\u00e9gler le solde au plus tard deux semaines avant votre arriv\u00e9e. Pour la maison de vacances pouvant accueillir 30 personnes, nous demandons une caution de 700 \u20ac \u00e0 verser avant l&rsquo;arriv\u00e9e. Pour la maison pouvant accueillir 6 personnes, nous demandons une caution de 200 \u20ac \u00e0 verser avant votre arriv\u00e9e. Ce montant sera rembours\u00e9 au locataire dans les 7 jours suivant son d\u00e9part, apr\u00e8s v\u00e9rification de l&rsquo;\u00e9tat des lieux. Ce montant peut \u00e9galement \u00eatre vers\u00e9 sur le num\u00e9ro de compte ci-dessus, en mentionnant \u00ab caution locataire(s) \u00bb. Annulation L&rsquo;annulation n&rsquo;est possible que pour des raisons imp\u00e9rieuses (force majeure, maladie). Une autre date peut bien s\u00fbr \u00eatre convenue. En cas d&rsquo;annulation sans raison imp\u00e9rieuse, l&rsquo;acompte sera conserv\u00e9 par \u00ab De molenhoeve \u00bb. Conditions de location Il est interdit de fumer \u00e0 l&rsquo;int\u00e9rieur de la maison. Vous pouvez fumer uniquement \u00e0 l&rsquo;ext\u00e9rieur. Veuillez ne pas jeter vos m\u00e9gots par terre. Il est interdit d&rsquo;utiliser la maison de vacances pour organiser des f\u00eates ou des beuveries, afin de pr\u00e9server la qualit\u00e9 de la maison et la tranquillit\u00e9 des environs. Le locataire doit veiller \u00e0 ne pas causer de nuisance sonore aux voisins. En Belgique, une loi interdit le bruit \u00e0 l&rsquo;ext\u00e9rieur apr\u00e8s 22 heures. La musique amplifi\u00e9e est \u00e9galement interdite \u00e0 l&rsquo;int\u00e9rieur. Nous demandons que le calme r\u00e8gne \u00e0 l&rsquo;ext\u00e9rieur et \u00e0 l&rsquo;int\u00e9rieur entre 22h00 et 7h00 afin de pr\u00e9server la tranquillit\u00e9 de tous. En cas de violation de ces conditions, le locataire pourra \u00eatre contraint de quitter les lieux avec l&rsquo;intervention des autorit\u00e9s comp\u00e9tentes, sans remboursement du loyer et de la caution. Les chiens\/animaux domestiques ne sont pas admis \u00e0 la Molenhoeve. Si des d\u00e9chets, du verre ou des PMC sont laiss\u00e9s \u00e0 l&rsquo;int\u00e9rieur du logement lors de votre d\u00e9part ou si les d\u00e9chets \u00e0 l&rsquo;ext\u00e9rieur n&rsquo;ont pas \u00e9t\u00e9 tri\u00e9s, nous d\u00e9duirons des frais suppl\u00e9mentaires de la caution.Si, \u00e0 votre d\u00e9part, il s&rsquo;av\u00e8re que le lave-vaisselle n&rsquo;est pas vide, que d&rsquo;autres appareils m\u00e9nagers ne sont pas propres ou que le logement est laiss\u00e9 dans un \u00e9tat de propret\u00e9 anormal, le propri\u00e9taire est en droit de facturer des heures de nettoyage suppl\u00e9mentaires \u00e0 raison de 40,00 euros par heure. Ce montant sera d\u00e9duit de la caution. B&amp;B Paiement et annulation Pour garantir votre r\u00e9servation, le montant total doit \u00eatre vers\u00e9 sur le compte bancaire de Geronimo Reborn BE40 0689 4005 0063 BIC GKCCBEBB, en indiquant votre r\u00e9f\u00e9rence de r\u00e9servation et votre nom dans la communication. En cas d&rsquo;annulation dans les 14 jours pr\u00e9c\u00e9dant votre arriv\u00e9e, 50 % du montant total vous sera factur\u00e9. Si vous annulez la veille de votre arriv\u00e9e ou si vous ne vous pr\u00e9sentez pas, le prix total vous sera factur\u00e9.<\/p>\n","protected":false},"author":1,"featured_media":0,"parent":0,"menu_order":0,"comment_status":"closed","ping_status":"closed","template":"","meta":{"_acf_changed":false,"footnotes":""},"class_list":["post-3268","page","type-page","status-publish","hentry"],"acf":[],"yoast_head":"<!-- This site is optimized with the Yoast SEO plugin v26.7 - https:\/\/yoast.com\/wordpress\/plugins\/seo\/ -->\n<title>Conditions g\u00e9n\u00e9rales - Vakantieverblijf De Molenhoeve<\/title>\n<meta name=\"robots\" content=\"index, follow, max-snippet:-1, max-image-preview:large, max-video-preview:-1\" \/>\n<link rel=\"canonical\" href=\"https:\/\/molenhoeve.be\/fr\/conditions-generales\/\" \/>\n<meta property=\"og:locale\" content=\"fr_FR\" \/>\n<meta property=\"og:type\" content=\"article\" \/>\n<meta property=\"og:title\" content=\"Conditions g\u00e9n\u00e9rales - Vakantieverblijf De Molenhoeve\" \/>\n<meta property=\"og:description\" content=\"Conditions g\u00e9n\u00e9rales Maisons de vacances R\u00e9servation et paiement Pour confirmer votre r\u00e9servation, un acompte de 50 % du montant total est demand\u00e9, \u00e0 verser sur le compte bancaire de Geronimo Reborn BE40 0689 4005 0063\/ BIC GKCCBEBB, en indiquant votre r\u00e9f\u00e9rence de r\u00e9servation et votre nom dans la communication. Si l&rsquo;acompte n&rsquo;est pas vers\u00e9 dans les deux semaines suivant la r\u00e9servation, le logement sera remis en location. Nous vous prions de bien vouloir r\u00e9gler le solde au plus tard deux semaines avant votre arriv\u00e9e. Pour la maison de vacances pouvant accueillir 30 personnes, nous demandons une caution de 700 \u20ac \u00e0 verser avant l&rsquo;arriv\u00e9e. Pour la maison pouvant accueillir 6 personnes, nous demandons une caution de 200 \u20ac \u00e0 verser avant votre arriv\u00e9e. Ce montant sera rembours\u00e9 au locataire dans les 7 jours suivant son d\u00e9part, apr\u00e8s v\u00e9rification de l&rsquo;\u00e9tat des lieux. Ce montant peut \u00e9galement \u00eatre vers\u00e9 sur le num\u00e9ro de compte ci-dessus, en mentionnant \u00ab caution locataire(s) \u00bb. Annulation L&rsquo;annulation n&rsquo;est possible que pour des raisons imp\u00e9rieuses (force majeure, maladie). Une autre date peut bien s\u00fbr \u00eatre convenue. En cas d&rsquo;annulation sans raison imp\u00e9rieuse, l&rsquo;acompte sera conserv\u00e9 par \u00ab De molenhoeve \u00bb. Conditions de location Il est interdit de fumer \u00e0 l&rsquo;int\u00e9rieur de la maison. Vous pouvez fumer uniquement \u00e0 l&rsquo;ext\u00e9rieur. Veuillez ne pas jeter vos m\u00e9gots par terre. Il est interdit d&rsquo;utiliser la maison de vacances pour organiser des f\u00eates ou des beuveries, afin de pr\u00e9server la qualit\u00e9 de la maison et la tranquillit\u00e9 des environs. Le locataire doit veiller \u00e0 ne pas causer de nuisance sonore aux voisins. En Belgique, une loi interdit le bruit \u00e0 l&rsquo;ext\u00e9rieur apr\u00e8s 22 heures. La musique amplifi\u00e9e est \u00e9galement interdite \u00e0 l&rsquo;int\u00e9rieur. Nous demandons que le calme r\u00e8gne \u00e0 l&rsquo;ext\u00e9rieur et \u00e0 l&rsquo;int\u00e9rieur entre 22h00 et 7h00 afin de pr\u00e9server la tranquillit\u00e9 de tous. En cas de violation de ces conditions, le locataire pourra \u00eatre contraint de quitter les lieux avec l&rsquo;intervention des autorit\u00e9s comp\u00e9tentes, sans remboursement du loyer et de la caution. Les chiens\/animaux domestiques ne sont pas admis \u00e0 la Molenhoeve. Si des d\u00e9chets, du verre ou des PMC sont laiss\u00e9s \u00e0 l&rsquo;int\u00e9rieur du logement lors de votre d\u00e9part ou si les d\u00e9chets \u00e0 l&rsquo;ext\u00e9rieur n&rsquo;ont pas \u00e9t\u00e9 tri\u00e9s, nous d\u00e9duirons des frais suppl\u00e9mentaires de la caution.Si, \u00e0 votre d\u00e9part, il s&rsquo;av\u00e8re que le lave-vaisselle n&rsquo;est pas vide, que d&rsquo;autres appareils m\u00e9nagers ne sont pas propres ou que le logement est laiss\u00e9 dans un \u00e9tat de propret\u00e9 anormal, le propri\u00e9taire est en droit de facturer des heures de nettoyage suppl\u00e9mentaires \u00e0 raison de 40,00 euros par heure. Ce montant sera d\u00e9duit de la caution. B&amp;B Paiement et annulation Pour garantir votre r\u00e9servation, le montant total doit \u00eatre vers\u00e9 sur le compte bancaire de Geronimo Reborn BE40 0689 4005 0063 BIC GKCCBEBB, en indiquant votre r\u00e9f\u00e9rence de r\u00e9servation et votre nom dans la communication. En cas d&rsquo;annulation dans les 14 jours pr\u00e9c\u00e9dant votre arriv\u00e9e, 50 % du montant total vous sera factur\u00e9. Si vous annulez la veille de votre arriv\u00e9e ou si vous ne vous pr\u00e9sentez pas, le prix total vous sera factur\u00e9.\" \/>\n<meta property=\"og:url\" content=\"https:\/\/molenhoeve.be\/fr\/conditions-generales\/\" \/>\n<meta property=\"og:site_name\" content=\"Vakantieverblijf De Molenhoeve\" \/>\n<meta property=\"article:publisher\" content=\"https:\/\/www.facebook.com\/profile.php?id=100039573236444#\" \/>\n<meta property=\"article:modified_time\" content=\"2025-08-25T10:37:52+00:00\" \/>\n<meta name=\"twitter:card\" content=\"summary_large_image\" \/>\n<meta name=\"twitter:label1\" content=\"Dur\u00e9e de lecture estim\u00e9e\" \/>\n\t<meta name=\"twitter:data1\" content=\"3 minutes\" \/>\n<script type=\"application\/ld+json\" class=\"yoast-schema-graph\">{\"@context\":\"https:\/\/schema.org\",\"@graph\":[{\"@type\":\"WebPage\",\"@id\":\"https:\/\/molenhoeve.be\/fr\/conditions-generales\/\",\"url\":\"https:\/\/molenhoeve.be\/fr\/conditions-generales\/\",\"name\":\"Conditions g\u00e9n\u00e9rales - Vakantieverblijf De Molenhoeve\",\"isPartOf\":{\"@id\":\"https:\/\/molenhoeve.be\/fr\/#website\"},\"datePublished\":\"2025-06-16T15:32:35+00:00\",\"dateModified\":\"2025-08-25T10:37:52+00:00\",\"breadcrumb\":{\"@id\":\"https:\/\/molenhoeve.be\/fr\/conditions-generales\/#breadcrumb\"},\"inLanguage\":\"fr-FR\",\"potentialAction\":[{\"@type\":\"ReadAction\",\"target\":[\"https:\/\/molenhoeve.be\/fr\/conditions-generales\/\"]}]},{\"@type\":\"BreadcrumbList\",\"@id\":\"https:\/\/molenhoeve.be\/fr\/conditions-generales\/#breadcrumb\",\"itemListElement\":[{\"@type\":\"ListItem\",\"position\":1,\"name\":\"Home\",\"item\":\"https:\/\/molenhoeve.be\/fr\/home\/\"},{\"@type\":\"ListItem\",\"position\":2,\"name\":\"Conditions g\u00e9n\u00e9rales\"}]},{\"@type\":\"WebSite\",\"@id\":\"https:\/\/molenhoeve.be\/fr\/#website\",\"url\":\"https:\/\/molenhoeve.be\/fr\/\",\"name\":\"Vakantieverblijf De Molenhoeve\",\"description\":\"\",\"publisher\":{\"@id\":\"https:\/\/molenhoeve.be\/fr\/#organization\"},\"potentialAction\":[{\"@type\":\"SearchAction\",\"target\":{\"@type\":\"EntryPoint\",\"urlTemplate\":\"https:\/\/molenhoeve.be\/fr\/?s={search_term_string}\"},\"query-input\":{\"@type\":\"PropertyValueSpecification\",\"valueRequired\":true,\"valueName\":\"search_term_string\"}}],\"inLanguage\":\"fr-FR\"},{\"@type\":\"Organization\",\"@id\":\"https:\/\/molenhoeve.be\/fr\/#organization\",\"name\":\"Vakantieverblijf De Molenhoeve\",\"url\":\"https:\/\/molenhoeve.be\/fr\/\",\"logo\":{\"@type\":\"ImageObject\",\"inLanguage\":\"fr-FR\",\"@id\":\"https:\/\/molenhoeve.be\/fr\/#\/schema\/logo\/image\/\",\"url\":\"https:\/\/molenhoeve.be\/wp-content\/uploads\/2025\/07\/organisatie-logo-1.jpg\",\"contentUrl\":\"https:\/\/molenhoeve.be\/wp-content\/uploads\/2025\/07\/organisatie-logo-1.jpg\",\"width\":842,\"height\":596,\"caption\":\"Vakantieverblijf De Molenhoeve\"},\"image\":{\"@id\":\"https:\/\/molenhoeve.be\/fr\/#\/schema\/logo\/image\/\"},\"sameAs\":[\"https:\/\/www.facebook.com\/profile.php?id=100039573236444#\",\"https:\/\/www.instagram.com\/vakantieverblijf_de_molenhoeve\/\"]}]}<\/script>\n<!-- \/ Yoast SEO plugin. -->","yoast_head_json":{"title":"Conditions g\u00e9n\u00e9rales - Vakantieverblijf De Molenhoeve","robots":{"index":"index","follow":"follow","max-snippet":"max-snippet:-1","max-image-preview":"max-image-preview:large","max-video-preview":"max-video-preview:-1"},"canonical":"https:\/\/molenhoeve.be\/fr\/conditions-generales\/","og_locale":"fr_FR","og_type":"article","og_title":"Conditions g\u00e9n\u00e9rales - Vakantieverblijf De Molenhoeve","og_description":"Conditions g\u00e9n\u00e9rales Maisons de vacances R\u00e9servation et paiement Pour confirmer votre r\u00e9servation, un acompte de 50 % du montant total est demand\u00e9, \u00e0 verser sur le compte bancaire de Geronimo Reborn BE40 0689 4005 0063\/ BIC GKCCBEBB, en indiquant votre r\u00e9f\u00e9rence de r\u00e9servation et votre nom dans la communication. Si l&rsquo;acompte n&rsquo;est pas vers\u00e9 dans les deux semaines suivant la r\u00e9servation, le logement sera remis en location. Nous vous prions de bien vouloir r\u00e9gler le solde au plus tard deux semaines avant votre arriv\u00e9e. Pour la maison de vacances pouvant accueillir 30 personnes, nous demandons une caution de 700 \u20ac \u00e0 verser avant l&rsquo;arriv\u00e9e. Pour la maison pouvant accueillir 6 personnes, nous demandons une caution de 200 \u20ac \u00e0 verser avant votre arriv\u00e9e. Ce montant sera rembours\u00e9 au locataire dans les 7 jours suivant son d\u00e9part, apr\u00e8s v\u00e9rification de l&rsquo;\u00e9tat des lieux. Ce montant peut \u00e9galement \u00eatre vers\u00e9 sur le num\u00e9ro de compte ci-dessus, en mentionnant \u00ab caution locataire(s) \u00bb. Annulation L&rsquo;annulation n&rsquo;est possible que pour des raisons imp\u00e9rieuses (force majeure, maladie). Une autre date peut bien s\u00fbr \u00eatre convenue. En cas d&rsquo;annulation sans raison imp\u00e9rieuse, l&rsquo;acompte sera conserv\u00e9 par \u00ab De molenhoeve \u00bb. Conditions de location Il est interdit de fumer \u00e0 l&rsquo;int\u00e9rieur de la maison. Vous pouvez fumer uniquement \u00e0 l&rsquo;ext\u00e9rieur. Veuillez ne pas jeter vos m\u00e9gots par terre. Il est interdit d&rsquo;utiliser la maison de vacances pour organiser des f\u00eates ou des beuveries, afin de pr\u00e9server la qualit\u00e9 de la maison et la tranquillit\u00e9 des environs. Le locataire doit veiller \u00e0 ne pas causer de nuisance sonore aux voisins. En Belgique, une loi interdit le bruit \u00e0 l&rsquo;ext\u00e9rieur apr\u00e8s 22 heures. La musique amplifi\u00e9e est \u00e9galement interdite \u00e0 l&rsquo;int\u00e9rieur. Nous demandons que le calme r\u00e8gne \u00e0 l&rsquo;ext\u00e9rieur et \u00e0 l&rsquo;int\u00e9rieur entre 22h00 et 7h00 afin de pr\u00e9server la tranquillit\u00e9 de tous. En cas de violation de ces conditions, le locataire pourra \u00eatre contraint de quitter les lieux avec l&rsquo;intervention des autorit\u00e9s comp\u00e9tentes, sans remboursement du loyer et de la caution. Les chiens\/animaux domestiques ne sont pas admis \u00e0 la Molenhoeve. Si des d\u00e9chets, du verre ou des PMC sont laiss\u00e9s \u00e0 l&rsquo;int\u00e9rieur du logement lors de votre d\u00e9part ou si les d\u00e9chets \u00e0 l&rsquo;ext\u00e9rieur n&rsquo;ont pas \u00e9t\u00e9 tri\u00e9s, nous d\u00e9duirons des frais suppl\u00e9mentaires de la caution.Si, \u00e0 votre d\u00e9part, il s&rsquo;av\u00e8re que le lave-vaisselle n&rsquo;est pas vide, que d&rsquo;autres appareils m\u00e9nagers ne sont pas propres ou que le logement est laiss\u00e9 dans un \u00e9tat de propret\u00e9 anormal, le propri\u00e9taire est en droit de facturer des heures de nettoyage suppl\u00e9mentaires \u00e0 raison de 40,00 euros par heure. Ce montant sera d\u00e9duit de la caution. B&amp;B Paiement et annulation Pour garantir votre r\u00e9servation, le montant total doit \u00eatre vers\u00e9 sur le compte bancaire de Geronimo Reborn BE40 0689 4005 0063 BIC GKCCBEBB, en indiquant votre r\u00e9f\u00e9rence de r\u00e9servation et votre nom dans la communication. En cas d&rsquo;annulation dans les 14 jours pr\u00e9c\u00e9dant votre arriv\u00e9e, 50 % du montant total vous sera factur\u00e9. Si vous annulez la veille de votre arriv\u00e9e ou si vous ne vous pr\u00e9sentez pas, le prix total vous sera factur\u00e9.","og_url":"https:\/\/molenhoeve.be\/fr\/conditions-generales\/","og_site_name":"Vakantieverblijf De Molenhoeve","article_publisher":"https:\/\/www.facebook.com\/profile.php?id=100039573236444#","article_modified_time":"2025-08-25T10:37:52+00:00","twitter_card":"summary_large_image","twitter_misc":{"Dur\u00e9e de lecture estim\u00e9e":"3 minutes"},"schema":{"@context":"https:\/\/schema.org","@graph":[{"@type":"WebPage","@id":"https:\/\/molenhoeve.be\/fr\/conditions-generales\/","url":"https:\/\/molenhoeve.be\/fr\/conditions-generales\/","name":"Conditions g\u00e9n\u00e9rales - Vakantieverblijf De Molenhoeve","isPartOf":{"@id":"https:\/\/molenhoeve.be\/fr\/#website"},"datePublished":"2025-06-16T15:32:35+00:00","dateModified":"2025-08-25T10:37:52+00:00","breadcrumb":{"@id":"https:\/\/molenhoeve.be\/fr\/conditions-generales\/#breadcrumb"},"inLanguage":"fr-FR","potentialAction":[{"@type":"ReadAction","target":["https:\/\/molenhoeve.be\/fr\/conditions-generales\/"]}]},{"@type":"BreadcrumbList","@id":"https:\/\/molenhoeve.be\/fr\/conditions-generales\/#breadcrumb","itemListElement":[{"@type":"ListItem","position":1,"name":"Home","item":"https:\/\/molenhoeve.be\/fr\/home\/"},{"@type":"ListItem","position":2,"name":"Conditions g\u00e9n\u00e9rales"}]},{"@type":"WebSite","@id":"https:\/\/molenhoeve.be\/fr\/#website","url":"https:\/\/molenhoeve.be\/fr\/","name":"Vakantieverblijf De Molenhoeve","description":"","publisher":{"@id":"https:\/\/molenhoeve.be\/fr\/#organization"},"potentialAction":[{"@type":"SearchAction","target":{"@type":"EntryPoint","urlTemplate":"https:\/\/molenhoeve.be\/fr\/?s={search_term_string}"},"query-input":{"@type":"PropertyValueSpecification","valueRequired":true,"valueName":"search_term_string"}}],"inLanguage":"fr-FR"},{"@type":"Organization","@id":"https:\/\/molenhoeve.be\/fr\/#organization","name":"Vakantieverblijf De Molenhoeve","url":"https:\/\/molenhoeve.be\/fr\/","logo":{"@type":"ImageObject","inLanguage":"fr-FR","@id":"https:\/\/molenhoeve.be\/fr\/#\/schema\/logo\/image\/","url":"https:\/\/molenhoeve.be\/wp-content\/uploads\/2025\/07\/organisatie-logo-1.jpg","contentUrl":"https:\/\/molenhoeve.be\/wp-content\/uploads\/2025\/07\/organisatie-logo-1.jpg","width":842,"height":596,"caption":"Vakantieverblijf De Molenhoeve"},"image":{"@id":"https:\/\/molenhoeve.be\/fr\/#\/schema\/logo\/image\/"},"sameAs":["https:\/\/www.facebook.com\/profile.php?id=100039573236444#","https:\/\/www.instagram.com\/vakantieverblijf_de_molenhoeve\/"]}]}},"_links":{"self":[{"href":"https:\/\/molenhoeve.be\/fr\/wp-json\/wp\/v2\/pages\/3268","targetHints":{"allow":["GET"]}}],"collection":[{"href":"https:\/\/molenhoeve.be\/fr\/wp-json\/wp\/v2\/pages"}],"about":[{"href":"https:\/\/molenhoeve.be\/fr\/wp-json\/wp\/v2\/types\/page"}],"author":[{"embeddable":true,"href":"https:\/\/molenhoeve.be\/fr\/wp-json\/wp\/v2\/users\/1"}],"replies":[{"embeddable":true,"href":"https:\/\/molenhoeve.be\/fr\/wp-json\/wp\/v2\/comments?post=3268"}],"version-history":[{"count":1,"href":"https:\/\/molenhoeve.be\/fr\/wp-json\/wp\/v2\/pages\/3268\/revisions"}],"predecessor-version":[{"id":3269,"href":"https:\/\/molenhoeve.be\/fr\/wp-json\/wp\/v2\/pages\/3268\/revisions\/3269"}],"wp:attachment":[{"href":"https:\/\/molenhoeve.be\/fr\/wp-json\/wp\/v2\/media?parent=3268"}],"curies":[{"name":"wp","href":"https:\/\/api.w.org\/{rel}","templated":true}]}}